{"id":77,"date":"2024-04-23T21:38:28","date_gmt":"2024-04-23T21:38:28","guid":{"rendered":"https:\/\/cts-beauty.de\/?page_id=77"},"modified":"2024-08-23T08:29:26","modified_gmt":"2024-08-23T08:29:26","slug":"massage","status":"publish","type":"page","link":"https:\/\/cts-beauty-fachfusspflege.de\/index.php\/massage\/","title":{"rendered":"Massage"},"content":{"rendered":"\n<blockquote class=\"wp-block-quote is-style-default is-layout-flow wp-block-quote-is-layout-flow\">\n<p><br><strong><em>Eine kleine Auszeit vom Stress gef\u00e4llig?<\/em><\/strong><\/p>\n<\/blockquote>\n\n\n\n<div class=\"wp-block-columns is-layout-flex wp-container-core-columns-is-layout-9d6595d7 wp-block-columns-is-layout-flex\">\n<div class=\"wp-block-column is-layout-flow wp-block-column-is-layout-flow\">\n<h6 class=\"wp-block-heading\">Kopfmassage<\/h6>\n\n\n\n<p>Unterst\u00fctzt vom angenehmen Duft \u00e4therischer \u00d6le verhilft diese Art der Massage zu Entspannung und Belebung und schenkt Ihnen Wohlbefinden. Unsere Kopfmassage&nbsp;l\u00e4sst Sie nicht nur von einem stressigen Arbeitstag abschalten, sie regt auch die Durchblutung der Kopfhaut an, pflegt die Haarwurzeln und verhilft zu gesundem und kr\u00e4ftigem Haar.<\/p>\n<\/div>\n\n\n\n<div class=\"wp-block-column is-layout-flow wp-block-column-is-layout-flow\">\n<h6 class=\"wp-block-heading\">Nackenmassage mit Aroma-Therapie<\/h6>\n\n\n\n<p>Unsere Nackenmassage entspannt und durchblutet die Nackenmuskulatur in optimaler Weise.<\/p>\n\n\n\n<p>Nach der Erw\u00e4rmung der Muskulatur erfahren Sie bereits nach wenigen Minuten und durch enspannende Griffe im Nacken und Schulterbereich ein angenehmes Wohlbefinden.<\/p>\n<\/div>\n<\/div>\n\n\n\n<figure class=\"wp-block-gallery has-nested-images columns-default is-cropped wp-block-gallery-1 is-layout-flex wp-block-gallery-is-layout-flex\">\n<figure class=\"wp-block-image size-large\"><img loading=\"lazy\" decoding=\"async\" width=\"565\" height=\"375\" data-id=\"185\" src=\"https:\/\/cts-beauty.de\/wp-content\/uploads\/2024\/07\/cache_2466397355.jpg\" alt=\"\" class=\"wp-image-185\" srcset=\"https:\/\/cts-beauty-fachfusspflege.de\/wp-content\/uploads\/2024\/07\/cache_2466397355.jpg 565w, https:\/\/cts-beauty-fachfusspflege.de\/wp-content\/uploads\/2024\/07\/cache_2466397355-300x199.jpg 300w, https:\/\/cts-beauty-fachfusspflege.de\/wp-content\/uploads\/2024\/07\/cache_2466397355-90x60.jpg 90w, https:\/\/cts-beauty-fachfusspflege.de\/wp-content\/uploads\/2024\/07\/cache_2466397355-370x247.jpg 370w\" sizes=\"auto, (max-width: 565px) 100vw, 565px\" \/><\/figure>\n\n\n\n<figure class=\"wp-block-image size-full\"><img loading=\"lazy\" decoding=\"async\" width=\"500\" height=\"500\" data-id=\"126\" src=\"https:\/\/cts-beauty.de\/wp-content\/uploads\/2024\/05\/massage.jpg\" alt=\"\" class=\"wp-image-126\" srcset=\"https:\/\/cts-beauty-fachfusspflege.de\/wp-content\/uploads\/2024\/05\/massage.jpg 500w, https:\/\/cts-beauty-fachfusspflege.de\/wp-content\/uploads\/2024\/05\/massage-300x300.jpg 300w, https:\/\/cts-beauty-fachfusspflege.de\/wp-content\/uploads\/2024\/05\/massage-150x150.jpg 150w, https:\/\/cts-beauty-fachfusspflege.de\/wp-content\/uploads\/2024\/05\/massage-60x60.jpg 60w, https:\/\/cts-beauty-fachfusspflege.de\/wp-content\/uploads\/2024\/05\/massage-90x90.jpg 90w\" sizes=\"auto, (max-width: 500px) 100vw, 500px\" \/><\/figure>\n<\/figure>\n\n\n\n<p><\/p>\n","protected":false},"excerpt":{"rendered":"<p>Eine kleine Auszeit vom Stress gef\u00e4llig? Kopfmassage Unterst\u00fctzt vom angenehmen Duft \u00e4therischer \u00d6le verhilft diese Art der Massage zu Entspannung und Belebung und schenkt Ihnen Wohlbefinden. Unsere Kopfmassage&nbsp;l\u00e4sst Sie nicht &hellip; <\/p>\n","protected":false},"author":1,"featured_media":183,"parent":0,"menu_order":0,"comment_status":"closed","ping_status":"closed","template":"","meta":{"footnotes":""},"class_list":["post-77","page","type-page","status-publish","has-post-thumbnail","hentry","latest_post"],"yoast_head":"<!-- This site is optimized with the Yoast SEO plugin v24.1 - https:\/\/yoast.com\/wordpress\/plugins\/seo\/ -->\n<title>Massage - CTS Beauty-Ecke und Fachfu\u00dfpflege<\/title>\n<meta name=\"description\" content=\"Unsere Kopfmassage als auch unsere Nackenmassage mit Aroma-Therapie befreien Sie von Stress und Alltag und spenden Wohlbefinden.\" \/>\n<meta name=\"robots\" content=\"index, follow, max-snippet:-1, max-image-preview:large, max-video-preview:-1\" \/>\n<link rel=\"canonical\" href=\"https:\/\/cts-beauty-fachfusspflege.de\/index.php\/massage\/\" \/>\n<meta property=\"og:locale\" content=\"de_DE\" \/>\n<meta property=\"og:type\" content=\"article\" \/>\n<meta property=\"og:title\" content=\"Massage - CTS Beauty-Ecke und Fachfu\u00dfpflege\" \/>\n<meta property=\"og:description\" content=\"Unsere Kopfmassage als auch unsere Nackenmassage mit Aroma-Therapie befreien Sie von Stress und Alltag und spenden Wohlbefinden.\" \/>\n<meta property=\"og:url\" content=\"https:\/\/cts-beauty-fachfusspflege.de\/index.php\/massage\/\" \/>\n<meta property=\"og:site_name\" content=\"CTS Beauty-Ecke und Fachfu\u00dfpflege\" \/>\n<meta property=\"article:modified_time\" content=\"2024-08-23T08:29:26+00:00\" \/>\n<meta property=\"og:image\" content=\"https:\/\/cts-beauty-fachfusspflege.de\/wp-content\/uploads\/2024\/07\/massage-e1722389152354.jpg\" \/>\n\t<meta property=\"og:image:width\" content=\"500\" \/>\n\t<meta property=\"og:image:height\" content=\"187\" \/>\n\t<meta property=\"og:image:type\" content=\"image\/jpeg\" \/>\n<meta name=\"twitter:card\" content=\"summary_large_image\" \/>\n<meta name=\"twitter:label1\" content=\"Gesch\u00e4tzte Lesezeit\" \/>\n\t<meta name=\"twitter:data1\" content=\"2\u00a0Minuten\" \/>\n<script type=\"application\/ld+json\" class=\"yoast-schema-graph\">{\"@context\":\"https:\/\/schema.org\",\"@graph\":[{\"@type\":\"WebPage\",\"@id\":\"https:\/\/cts-beauty-fachfusspflege.de\/index.php\/massage\/\",\"url\":\"https:\/\/cts-beauty-fachfusspflege.de\/index.php\/massage\/\",\"name\":\"Massage - CTS Beauty-Ecke und Fachfu\u00dfpflege\",\"isPartOf\":{\"@id\":\"https:\/\/cts-beauty-fachfusspflege.de\/#website\"},\"primaryImageOfPage\":{\"@id\":\"https:\/\/cts-beauty-fachfusspflege.de\/index.php\/massage\/#primaryimage\"},\"image\":{\"@id\":\"https:\/\/cts-beauty-fachfusspflege.de\/index.php\/massage\/#primaryimage\"},\"thumbnailUrl\":\"https:\/\/cts-beauty-fachfusspflege.de\/wp-content\/uploads\/2024\/07\/massage-e1722389152354.jpg\",\"datePublished\":\"2024-04-23T21:38:28+00:00\",\"dateModified\":\"2024-08-23T08:29:26+00:00\",\"description\":\"Unsere Kopfmassage als auch unsere Nackenmassage mit Aroma-Therapie befreien Sie von Stress und Alltag und spenden Wohlbefinden.\",\"breadcrumb\":{\"@id\":\"https:\/\/cts-beauty-fachfusspflege.de\/index.php\/massage\/#breadcrumb\"},\"inLanguage\":\"de\",\"potentialAction\":[{\"@type\":\"ReadAction\",\"target\":[\"https:\/\/cts-beauty-fachfusspflege.de\/index.php\/massage\/\"]}]},{\"@type\":\"ImageObject\",\"inLanguage\":\"de\",\"@id\":\"https:\/\/cts-beauty-fachfusspflege.de\/index.php\/massage\/#primaryimage\",\"url\":\"https:\/\/cts-beauty-fachfusspflege.de\/wp-content\/uploads\/2024\/07\/massage-e1722389152354.jpg\",\"contentUrl\":\"https:\/\/cts-beauty-fachfusspflege.de\/wp-content\/uploads\/2024\/07\/massage-e1722389152354.jpg\",\"width\":500,\"height\":187},{\"@type\":\"BreadcrumbList\",\"@id\":\"https:\/\/cts-beauty-fachfusspflege.de\/index.php\/massage\/#breadcrumb\",\"itemListElement\":[{\"@type\":\"ListItem\",\"position\":1,\"name\":\"Startseite\",\"item\":\"https:\/\/cts-beauty-fachfusspflege.de\/\"},{\"@type\":\"ListItem\",\"position\":2,\"name\":\"Massage\"}]},{\"@type\":\"WebSite\",\"@id\":\"https:\/\/cts-beauty-fachfusspflege.de\/#website\",\"url\":\"https:\/\/cts-beauty-fachfusspflege.de\/\",\"name\":\"Beauty-Ecke und Fachfu\u00dfpflege\",\"description\":\"CTS Beauty-Ecke und Fachfu\u00dfpflege\",\"publisher\":{\"@id\":\"https:\/\/cts-beauty-fachfusspflege.de\/#organization\"},\"potentialAction\":[{\"@type\":\"SearchAction\",\"target\":{\"@type\":\"EntryPoint\",\"urlTemplate\":\"https:\/\/cts-beauty-fachfusspflege.de\/?s={search_term_string}\"},\"query-input\":{\"@type\":\"PropertyValueSpecification\",\"valueRequired\":true,\"valueName\":\"search_term_string\"}}],\"inLanguage\":\"de\"},{\"@type\":\"Organization\",\"@id\":\"https:\/\/cts-beauty-fachfusspflege.de\/#organization\",\"name\":\"Beauty-Ecke und Fachfu\u00dfpflege\",\"url\":\"https:\/\/cts-beauty-fachfusspflege.de\/\",\"logo\":{\"@type\":\"ImageObject\",\"inLanguage\":\"de\",\"@id\":\"https:\/\/cts-beauty-fachfusspflege.de\/#\/schema\/logo\/image\/\",\"url\":\"https:\/\/cts-beauty-fachfusspflege.de\/wp-content\/uploads\/2024\/05\/cts-2.png\",\"contentUrl\":\"https:\/\/cts-beauty-fachfusspflege.de\/wp-content\/uploads\/2024\/05\/cts-2.png\",\"width\":500,\"height\":250,\"caption\":\"Beauty-Ecke und Fachfu\u00dfpflege\"},\"image\":{\"@id\":\"https:\/\/cts-beauty-fachfusspflege.de\/#\/schema\/logo\/image\/\"}}]}<\/script>\n<!-- \/ Yoast SEO plugin. -->","yoast_head_json":{"title":"Massage - CTS Beauty-Ecke und Fachfu\u00dfpflege","description":"Unsere Kopfmassage als auch unsere Nackenmassage mit Aroma-Therapie befreien Sie von Stress und Alltag und spenden Wohlbefinden.","robots":{"index":"index","follow":"follow","max-snippet":"max-snippet:-1","max-image-preview":"max-image-preview:large","max-video-preview":"max-video-preview:-1"},"canonical":"https:\/\/cts-beauty-fachfusspflege.de\/index.php\/massage\/","og_locale":"de_DE","og_type":"article","og_title":"Massage - CTS Beauty-Ecke und Fachfu\u00dfpflege","og_description":"Unsere Kopfmassage als auch unsere Nackenmassage mit Aroma-Therapie befreien Sie von Stress und Alltag und spenden Wohlbefinden.","og_url":"https:\/\/cts-beauty-fachfusspflege.de\/index.php\/massage\/","og_site_name":"CTS Beauty-Ecke und Fachfu\u00dfpflege","article_modified_time":"2024-08-23T08:29:26+00:00","og_image":[{"width":500,"height":187,"url":"https:\/\/cts-beauty-fachfusspflege.de\/wp-content\/uploads\/2024\/07\/massage-e1722389152354.jpg","type":"image\/jpeg"}],"twitter_card":"summary_large_image","twitter_misc":{"Gesch\u00e4tzte Lesezeit":"2\u00a0Minuten"},"schema":{"@context":"https:\/\/schema.org","@graph":[{"@type":"WebPage","@id":"https:\/\/cts-beauty-fachfusspflege.de\/index.php\/massage\/","url":"https:\/\/cts-beauty-fachfusspflege.de\/index.php\/massage\/","name":"Massage - CTS Beauty-Ecke und Fachfu\u00dfpflege","isPartOf":{"@id":"https:\/\/cts-beauty-fachfusspflege.de\/#website"},"primaryImageOfPage":{"@id":"https:\/\/cts-beauty-fachfusspflege.de\/index.php\/massage\/#primaryimage"},"image":{"@id":"https:\/\/cts-beauty-fachfusspflege.de\/index.php\/massage\/#primaryimage"},"thumbnailUrl":"https:\/\/cts-beauty-fachfusspflege.de\/wp-content\/uploads\/2024\/07\/massage-e1722389152354.jpg","datePublished":"2024-04-23T21:38:28+00:00","dateModified":"2024-08-23T08:29:26+00:00","description":"Unsere Kopfmassage als auch unsere Nackenmassage mit Aroma-Therapie befreien Sie von Stress und Alltag und spenden Wohlbefinden.","breadcrumb":{"@id":"https:\/\/cts-beauty-fachfusspflege.de\/index.php\/massage\/#breadcrumb"},"inLanguage":"de","potentialAction":[{"@type":"ReadAction","target":["https:\/\/cts-beauty-fachfusspflege.de\/index.php\/massage\/"]}]},{"@type":"ImageObject","inLanguage":"de","@id":"https:\/\/cts-beauty-fachfusspflege.de\/index.php\/massage\/#primaryimage","url":"https:\/\/cts-beauty-fachfusspflege.de\/wp-content\/uploads\/2024\/07\/massage-e1722389152354.jpg","contentUrl":"https:\/\/cts-beauty-fachfusspflege.de\/wp-content\/uploads\/2024\/07\/massage-e1722389152354.jpg","width":500,"height":187},{"@type":"BreadcrumbList","@id":"https:\/\/cts-beauty-fachfusspflege.de\/index.php\/massage\/#breadcrumb","itemListElement":[{"@type":"ListItem","position":1,"name":"Startseite","item":"https:\/\/cts-beauty-fachfusspflege.de\/"},{"@type":"ListItem","position":2,"name":"Massage"}]},{"@type":"WebSite","@id":"https:\/\/cts-beauty-fachfusspflege.de\/#website","url":"https:\/\/cts-beauty-fachfusspflege.de\/","name":"Beauty-Ecke und Fachfu\u00dfpflege","description":"CTS Beauty-Ecke und Fachfu\u00dfpflege","publisher":{"@id":"https:\/\/cts-beauty-fachfusspflege.de\/#organization"},"potentialAction":[{"@type":"SearchAction","target":{"@type":"EntryPoint","urlTemplate":"https:\/\/cts-beauty-fachfusspflege.de\/?s={search_term_string}"},"query-input":{"@type":"PropertyValueSpecification","valueRequired":true,"valueName":"search_term_string"}}],"inLanguage":"de"},{"@type":"Organization","@id":"https:\/\/cts-beauty-fachfusspflege.de\/#organization","name":"Beauty-Ecke und Fachfu\u00dfpflege","url":"https:\/\/cts-beauty-fachfusspflege.de\/","logo":{"@type":"ImageObject","inLanguage":"de","@id":"https:\/\/cts-beauty-fachfusspflege.de\/#\/schema\/logo\/image\/","url":"https:\/\/cts-beauty-fachfusspflege.de\/wp-content\/uploads\/2024\/05\/cts-2.png","contentUrl":"https:\/\/cts-beauty-fachfusspflege.de\/wp-content\/uploads\/2024\/05\/cts-2.png","width":500,"height":250,"caption":"Beauty-Ecke und Fachfu\u00dfpflege"},"image":{"@id":"https:\/\/cts-beauty-fachfusspflege.de\/#\/schema\/logo\/image\/"}}]}},"jetpack_sharing_enabled":true,"_links":{"self":[{"href":"https:\/\/cts-beauty-fachfusspflege.de\/index.php\/wp-json\/wp\/v2\/pages\/77","targetHints":{"allow":["GET"]}}],"collection":[{"href":"https:\/\/cts-beauty-fachfusspflege.de\/index.php\/wp-json\/wp\/v2\/pages"}],"about":[{"href":"https:\/\/cts-beauty-fachfusspflege.de\/index.php\/wp-json\/wp\/v2\/types\/page"}],"author":[{"embeddable":true,"href":"https:\/\/cts-beauty-fachfusspflege.de\/index.php\/wp-json\/wp\/v2\/users\/1"}],"replies":[{"embeddable":true,"href":"https:\/\/cts-beauty-fachfusspflege.de\/index.php\/wp-json\/wp\/v2\/comments?post=77"}],"version-history":[{"count":4,"href":"https:\/\/cts-beauty-fachfusspflege.de\/index.php\/wp-json\/wp\/v2\/pages\/77\/revisions"}],"predecessor-version":[{"id":241,"href":"https:\/\/cts-beauty-fachfusspflege.de\/index.php\/wp-json\/wp\/v2\/pages\/77\/revisions\/241"}],"wp:featuredmedia":[{"embeddable":true,"href":"https:\/\/cts-beauty-fachfusspflege.de\/index.php\/wp-json\/wp\/v2\/media\/183"}],"wp:attachment":[{"href":"https:\/\/cts-beauty-fachfusspflege.de\/index.php\/wp-json\/wp\/v2\/media?parent=77"}],"curies":[{"name":"wp","href":"https:\/\/api.w.org\/{rel}","templated":true}]}}