{"id":71,"date":"2024-04-23T21:37:40","date_gmt":"2024-04-23T21:37:40","guid":{"rendered":"https:\/\/cts-beauty.de\/?page_id=71"},"modified":"2024-08-23T08:41:50","modified_gmt":"2024-08-23T08:41:50","slug":"sugaring","status":"publish","type":"page","link":"https:\/\/cts-beauty-fachfusspflege.de\/index.php\/sugaring\/","title":{"rendered":"Sugaring"},"content":{"rendered":"\n<h5 class=\"wp-block-heading\">Sugaring &#8211; Haarentfernung mit Zuckerpaste<\/h5>\n\n\n\n<p><strong>Zuckers\u00fc\u00dfe Haarentfernung.<\/strong><br>Hautschonend, 100% nat\u00fcrlich, reizfrei&nbsp;und f\u00fcr alle weiblichen und m\u00e4nnlichen<br>K\u00f6rperregionen anwendbar.<\/p>\n\n\n\n<p>Beim Sugaring werden K\u00f6rperhaare bereits ab einer L\u00e4nge von ca. 2 &#8211; 3 mm mit Zuckerpaste nahezu schmerzfrei entfernt. Die Wirkung ist besonders langanhaltend, nachwachsende Haare sind deutlich feiner und geringer.<\/p>\n\n\n\n<p>Eingewachsene Haare geh\u00f6ren mit Sugaring endg\u00fcltig der Vergangenheit an.<\/p>\n\n\n\n<p>Die nat\u00fcrlichen Inhaltsstoffe Zucker, Wasser und Zitrone sind selbst f\u00fcr empfindliche Menschen und Allergiker geeignet und verleihen Ihnen ein sch\u00f6nes, glattes und sehr weiches Hautbild.<\/p>\n\n\n\n<p>Lassen Sie sich \u00fcberzeugen &#8211; Sie werden begeistert sein.<\/p>\n\n\n\n<figure class=\"wp-block-image size-full is-resized\"><img loading=\"lazy\" decoding=\"async\" width=\"500\" height=\"500\" src=\"https:\/\/cts-beauty.de\/wp-content\/uploads\/2024\/05\/sugaring.jpg\" alt=\"\" class=\"wp-image-124\" style=\"width:398px;height:auto\" srcset=\"https:\/\/cts-beauty-fachfusspflege.de\/wp-content\/uploads\/2024\/05\/sugaring.jpg 500w, https:\/\/cts-beauty-fachfusspflege.de\/wp-content\/uploads\/2024\/05\/sugaring-300x300.jpg 300w, https:\/\/cts-beauty-fachfusspflege.de\/wp-content\/uploads\/2024\/05\/sugaring-150x150.jpg 150w, https:\/\/cts-beauty-fachfusspflege.de\/wp-content\/uploads\/2024\/05\/sugaring-60x60.jpg 60w, https:\/\/cts-beauty-fachfusspflege.de\/wp-content\/uploads\/2024\/05\/sugaring-90x90.jpg 90w\" sizes=\"auto, (max-width: 500px) 100vw, 500px\" \/><\/figure>\n","protected":false},"excerpt":{"rendered":"<p>Sugaring &#8211; Haarentfernung mit Zuckerpaste Zuckers\u00fc\u00dfe Haarentfernung.Hautschonend, 100% nat\u00fcrlich, reizfrei&nbsp;und f\u00fcr alle weiblichen und m\u00e4nnlichenK\u00f6rperregionen anwendbar. Beim Sugaring werden K\u00f6rperhaare bereits ab einer L\u00e4nge von ca. 2 &#8211; 3 mm &hellip; <\/p>\n","protected":false},"author":1,"featured_media":124,"parent":0,"menu_order":0,"comment_status":"closed","ping_status":"closed","template":"","meta":{"footnotes":""},"class_list":["post-71","page","type-page","status-publish","has-post-thumbnail","hentry","latest_post"],"yoast_head":"<!-- This site is optimized with the Yoast SEO plugin v24.1 - https:\/\/yoast.com\/wordpress\/plugins\/seo\/ -->\n<title>Sugaring - CTS Beauty-Ecke und Fachfu\u00dfpflege<\/title>\n<meta name=\"description\" content=\"Haarentfernung: hautschonend, 100% nat\u00fcrlich, reizfrei und f\u00fcr alle weiblichen und m\u00e4nnlichenK\u00f6rperregionen anwendbar.\" \/>\n<meta name=\"robots\" content=\"index, follow, max-snippet:-1, max-image-preview:large, max-video-preview:-1\" \/>\n<link rel=\"canonical\" href=\"https:\/\/cts-beauty-fachfusspflege.de\/index.php\/sugaring\/\" \/>\n<meta property=\"og:locale\" content=\"de_DE\" \/>\n<meta property=\"og:type\" content=\"article\" \/>\n<meta property=\"og:title\" content=\"Sugaring - CTS Beauty-Ecke und Fachfu\u00dfpflege\" \/>\n<meta property=\"og:description\" content=\"Haarentfernung: hautschonend, 100% nat\u00fcrlich, reizfrei und f\u00fcr alle weiblichen und m\u00e4nnlichenK\u00f6rperregionen anwendbar.\" \/>\n<meta property=\"og:url\" content=\"https:\/\/cts-beauty-fachfusspflege.de\/index.php\/sugaring\/\" \/>\n<meta property=\"og:site_name\" content=\"CTS Beauty-Ecke und Fachfu\u00dfpflege\" \/>\n<meta property=\"article:modified_time\" content=\"2024-08-23T08:41:50+00:00\" \/>\n<meta property=\"og:image\" content=\"https:\/\/cts-beauty-fachfusspflege.de\/wp-content\/uploads\/2024\/05\/sugaring.jpg\" \/>\n\t<meta property=\"og:image:width\" content=\"500\" \/>\n\t<meta property=\"og:image:height\" content=\"500\" \/>\n\t<meta property=\"og:image:type\" content=\"image\/jpeg\" \/>\n<meta name=\"twitter:card\" content=\"summary_large_image\" \/>\n<meta name=\"twitter:label1\" content=\"Gesch\u00e4tzte Lesezeit\" \/>\n\t<meta name=\"twitter:data1\" content=\"1\u00a0Minute\" \/>\n<script type=\"application\/ld+json\" class=\"yoast-schema-graph\">{\"@context\":\"https:\/\/schema.org\",\"@graph\":[{\"@type\":\"WebPage\",\"@id\":\"https:\/\/cts-beauty-fachfusspflege.de\/index.php\/sugaring\/\",\"url\":\"https:\/\/cts-beauty-fachfusspflege.de\/index.php\/sugaring\/\",\"name\":\"Sugaring - CTS Beauty-Ecke und Fachfu\u00dfpflege\",\"isPartOf\":{\"@id\":\"https:\/\/cts-beauty-fachfusspflege.de\/#website\"},\"primaryImageOfPage\":{\"@id\":\"https:\/\/cts-beauty-fachfusspflege.de\/index.php\/sugaring\/#primaryimage\"},\"image\":{\"@id\":\"https:\/\/cts-beauty-fachfusspflege.de\/index.php\/sugaring\/#primaryimage\"},\"thumbnailUrl\":\"https:\/\/cts-beauty-fachfusspflege.de\/wp-content\/uploads\/2024\/05\/sugaring.jpg\",\"datePublished\":\"2024-04-23T21:37:40+00:00\",\"dateModified\":\"2024-08-23T08:41:50+00:00\",\"description\":\"Haarentfernung: hautschonend, 100% nat\u00fcrlich, reizfrei und f\u00fcr alle weiblichen und m\u00e4nnlichenK\u00f6rperregionen anwendbar.\",\"breadcrumb\":{\"@id\":\"https:\/\/cts-beauty-fachfusspflege.de\/index.php\/sugaring\/#breadcrumb\"},\"inLanguage\":\"de\",\"potentialAction\":[{\"@type\":\"ReadAction\",\"target\":[\"https:\/\/cts-beauty-fachfusspflege.de\/index.php\/sugaring\/\"]}]},{\"@type\":\"ImageObject\",\"inLanguage\":\"de\",\"@id\":\"https:\/\/cts-beauty-fachfusspflege.de\/index.php\/sugaring\/#primaryimage\",\"url\":\"https:\/\/cts-beauty-fachfusspflege.de\/wp-content\/uploads\/2024\/05\/sugaring.jpg\",\"contentUrl\":\"https:\/\/cts-beauty-fachfusspflege.de\/wp-content\/uploads\/2024\/05\/sugaring.jpg\",\"width\":500,\"height\":500},{\"@type\":\"BreadcrumbList\",\"@id\":\"https:\/\/cts-beauty-fachfusspflege.de\/index.php\/sugaring\/#breadcrumb\",\"itemListElement\":[{\"@type\":\"ListItem\",\"position\":1,\"name\":\"Startseite\",\"item\":\"https:\/\/cts-beauty-fachfusspflege.de\/\"},{\"@type\":\"ListItem\",\"position\":2,\"name\":\"Sugaring\"}]},{\"@type\":\"WebSite\",\"@id\":\"https:\/\/cts-beauty-fachfusspflege.de\/#website\",\"url\":\"https:\/\/cts-beauty-fachfusspflege.de\/\",\"name\":\"Beauty-Ecke und Fachfu\u00dfpflege\",\"description\":\"CTS Beauty-Ecke und Fachfu\u00dfpflege\",\"publisher\":{\"@id\":\"https:\/\/cts-beauty-fachfusspflege.de\/#organization\"},\"potentialAction\":[{\"@type\":\"SearchAction\",\"target\":{\"@type\":\"EntryPoint\",\"urlTemplate\":\"https:\/\/cts-beauty-fachfusspflege.de\/?s={search_term_string}\"},\"query-input\":{\"@type\":\"PropertyValueSpecification\",\"valueRequired\":true,\"valueName\":\"search_term_string\"}}],\"inLanguage\":\"de\"},{\"@type\":\"Organization\",\"@id\":\"https:\/\/cts-beauty-fachfusspflege.de\/#organization\",\"name\":\"Beauty-Ecke und Fachfu\u00dfpflege\",\"url\":\"https:\/\/cts-beauty-fachfusspflege.de\/\",\"logo\":{\"@type\":\"ImageObject\",\"inLanguage\":\"de\",\"@id\":\"https:\/\/cts-beauty-fachfusspflege.de\/#\/schema\/logo\/image\/\",\"url\":\"https:\/\/cts-beauty-fachfusspflege.de\/wp-content\/uploads\/2024\/05\/cts-2.png\",\"contentUrl\":\"https:\/\/cts-beauty-fachfusspflege.de\/wp-content\/uploads\/2024\/05\/cts-2.png\",\"width\":500,\"height\":250,\"caption\":\"Beauty-Ecke und Fachfu\u00dfpflege\"},\"image\":{\"@id\":\"https:\/\/cts-beauty-fachfusspflege.de\/#\/schema\/logo\/image\/\"}}]}<\/script>\n<!-- \/ Yoast SEO plugin. -->","yoast_head_json":{"title":"Sugaring - CTS Beauty-Ecke und Fachfu\u00dfpflege","description":"Haarentfernung: hautschonend, 100% nat\u00fcrlich, reizfrei und f\u00fcr alle weiblichen und m\u00e4nnlichenK\u00f6rperregionen anwendbar.","robots":{"index":"index","follow":"follow","max-snippet":"max-snippet:-1","max-image-preview":"max-image-preview:large","max-video-preview":"max-video-preview:-1"},"canonical":"https:\/\/cts-beauty-fachfusspflege.de\/index.php\/sugaring\/","og_locale":"de_DE","og_type":"article","og_title":"Sugaring - CTS Beauty-Ecke und Fachfu\u00dfpflege","og_description":"Haarentfernung: hautschonend, 100% nat\u00fcrlich, reizfrei und f\u00fcr alle weiblichen und m\u00e4nnlichenK\u00f6rperregionen anwendbar.","og_url":"https:\/\/cts-beauty-fachfusspflege.de\/index.php\/sugaring\/","og_site_name":"CTS Beauty-Ecke und Fachfu\u00dfpflege","article_modified_time":"2024-08-23T08:41:50+00:00","og_image":[{"width":500,"height":500,"url":"https:\/\/cts-beauty-fachfusspflege.de\/wp-content\/uploads\/2024\/05\/sugaring.jpg","type":"image\/jpeg"}],"twitter_card":"summary_large_image","twitter_misc":{"Gesch\u00e4tzte Lesezeit":"1\u00a0Minute"},"schema":{"@context":"https:\/\/schema.org","@graph":[{"@type":"WebPage","@id":"https:\/\/cts-beauty-fachfusspflege.de\/index.php\/sugaring\/","url":"https:\/\/cts-beauty-fachfusspflege.de\/index.php\/sugaring\/","name":"Sugaring - CTS Beauty-Ecke und Fachfu\u00dfpflege","isPartOf":{"@id":"https:\/\/cts-beauty-fachfusspflege.de\/#website"},"primaryImageOfPage":{"@id":"https:\/\/cts-beauty-fachfusspflege.de\/index.php\/sugaring\/#primaryimage"},"image":{"@id":"https:\/\/cts-beauty-fachfusspflege.de\/index.php\/sugaring\/#primaryimage"},"thumbnailUrl":"https:\/\/cts-beauty-fachfusspflege.de\/wp-content\/uploads\/2024\/05\/sugaring.jpg","datePublished":"2024-04-23T21:37:40+00:00","dateModified":"2024-08-23T08:41:50+00:00","description":"Haarentfernung: hautschonend, 100% nat\u00fcrlich, reizfrei und f\u00fcr alle weiblichen und m\u00e4nnlichenK\u00f6rperregionen anwendbar.","breadcrumb":{"@id":"https:\/\/cts-beauty-fachfusspflege.de\/index.php\/sugaring\/#breadcrumb"},"inLanguage":"de","potentialAction":[{"@type":"ReadAction","target":["https:\/\/cts-beauty-fachfusspflege.de\/index.php\/sugaring\/"]}]},{"@type":"ImageObject","inLanguage":"de","@id":"https:\/\/cts-beauty-fachfusspflege.de\/index.php\/sugaring\/#primaryimage","url":"https:\/\/cts-beauty-fachfusspflege.de\/wp-content\/uploads\/2024\/05\/sugaring.jpg","contentUrl":"https:\/\/cts-beauty-fachfusspflege.de\/wp-content\/uploads\/2024\/05\/sugaring.jpg","width":500,"height":500},{"@type":"BreadcrumbList","@id":"https:\/\/cts-beauty-fachfusspflege.de\/index.php\/sugaring\/#breadcrumb","itemListElement":[{"@type":"ListItem","position":1,"name":"Startseite","item":"https:\/\/cts-beauty-fachfusspflege.de\/"},{"@type":"ListItem","position":2,"name":"Sugaring"}]},{"@type":"WebSite","@id":"https:\/\/cts-beauty-fachfusspflege.de\/#website","url":"https:\/\/cts-beauty-fachfusspflege.de\/","name":"Beauty-Ecke und Fachfu\u00dfpflege","description":"CTS Beauty-Ecke und Fachfu\u00dfpflege","publisher":{"@id":"https:\/\/cts-beauty-fachfusspflege.de\/#organization"},"potentialAction":[{"@type":"SearchAction","target":{"@type":"EntryPoint","urlTemplate":"https:\/\/cts-beauty-fachfusspflege.de\/?s={search_term_string}"},"query-input":{"@type":"PropertyValueSpecification","valueRequired":true,"valueName":"search_term_string"}}],"inLanguage":"de"},{"@type":"Organization","@id":"https:\/\/cts-beauty-fachfusspflege.de\/#organization","name":"Beauty-Ecke und Fachfu\u00dfpflege","url":"https:\/\/cts-beauty-fachfusspflege.de\/","logo":{"@type":"ImageObject","inLanguage":"de","@id":"https:\/\/cts-beauty-fachfusspflege.de\/#\/schema\/logo\/image\/","url":"https:\/\/cts-beauty-fachfusspflege.de\/wp-content\/uploads\/2024\/05\/cts-2.png","contentUrl":"https:\/\/cts-beauty-fachfusspflege.de\/wp-content\/uploads\/2024\/05\/cts-2.png","width":500,"height":250,"caption":"Beauty-Ecke und Fachfu\u00dfpflege"},"image":{"@id":"https:\/\/cts-beauty-fachfusspflege.de\/#\/schema\/logo\/image\/"}}]}},"jetpack_sharing_enabled":true,"_links":{"self":[{"href":"https:\/\/cts-beauty-fachfusspflege.de\/index.php\/wp-json\/wp\/v2\/pages\/71","targetHints":{"allow":["GET"]}}],"collection":[{"href":"https:\/\/cts-beauty-fachfusspflege.de\/index.php\/wp-json\/wp\/v2\/pages"}],"about":[{"href":"https:\/\/cts-beauty-fachfusspflege.de\/index.php\/wp-json\/wp\/v2\/types\/page"}],"author":[{"embeddable":true,"href":"https:\/\/cts-beauty-fachfusspflege.de\/index.php\/wp-json\/wp\/v2\/users\/1"}],"replies":[{"embeddable":true,"href":"https:\/\/cts-beauty-fachfusspflege.de\/index.php\/wp-json\/wp\/v2\/comments?post=71"}],"version-history":[{"count":3,"href":"https:\/\/cts-beauty-fachfusspflege.de\/index.php\/wp-json\/wp\/v2\/pages\/71\/revisions"}],"predecessor-version":[{"id":249,"href":"https:\/\/cts-beauty-fachfusspflege.de\/index.php\/wp-json\/wp\/v2\/pages\/71\/revisions\/249"}],"wp:featuredmedia":[{"embeddable":true,"href":"https:\/\/cts-beauty-fachfusspflege.de\/index.php\/wp-json\/wp\/v2\/media\/124"}],"wp:attachment":[{"href":"https:\/\/cts-beauty-fachfusspflege.de\/index.php\/wp-json\/wp\/v2\/media?parent=71"}],"curies":[{"name":"wp","href":"https:\/\/api.w.org\/{rel}","templated":true}]}}