{"id":67,"date":"2024-04-23T21:37:10","date_gmt":"2024-04-23T21:37:10","guid":{"rendered":"https:\/\/cts-beauty.de\/?page_id=67"},"modified":"2024-10-24T15:34:28","modified_gmt":"2024-10-24T15:34:28","slug":"kosmetik","status":"publish","type":"page","link":"https:\/\/cts-beauty-fachfusspflege.de\/index.php\/kosmetik\/","title":{"rendered":"Kosmetik"},"content":{"rendered":"\n<figure class=\"wp-block-image size-full is-resized\"><img loading=\"lazy\" decoding=\"async\" width=\"275\" height=\"242\" src=\"https:\/\/cts-beauty-fachfusspflege.de\/wp-content\/uploads\/2024\/09\/cache_2471581105.jpg\" alt=\"\" class=\"wp-image-256\" style=\"width:323px;height:auto\" srcset=\"https:\/\/cts-beauty-fachfusspflege.de\/wp-content\/uploads\/2024\/09\/cache_2471581105.jpg 275w, https:\/\/cts-beauty-fachfusspflege.de\/wp-content\/uploads\/2024\/09\/cache_2471581105-68x60.jpg 68w\" sizes=\"auto, (max-width: 275px) 100vw, 275px\" \/><\/figure>\n\n\n\n<h2 class=\"wp-block-heading has-medium-font-size\">Klassische Gesichtsbehandlung<\/h2>\n\n\n\n<p><strong>Klassikbehandlung<\/strong>, 90 Minuten&nbsp;&nbsp;&nbsp;&nbsp;&nbsp;&nbsp;&nbsp;&nbsp;&nbsp;&nbsp;&nbsp;&nbsp;&nbsp;&nbsp;&nbsp;&nbsp;&nbsp;&nbsp;&nbsp;&nbsp;&nbsp;&nbsp; &nbsp; &nbsp; &nbsp; &nbsp; &nbsp; &nbsp; &nbsp; &nbsp; &nbsp; &nbsp; &nbsp; &nbsp; &nbsp; &nbsp; &nbsp; &nbsp; &nbsp;&nbsp; &nbsp; &nbsp; &nbsp; &nbsp; &nbsp;&nbsp;&nbsp;&nbsp;&nbsp;<br>Gesicht, Hals, Dekollet\u00e9<br>Hautbeurteilung, Anamnese, Reinigung, Peeling, Vapozon,&nbsp;<br>Tiefenreinigung, Augenbrauenkorrektur, Augengel,<br>Gesichts-, Hals- und Dekollet\u00e9massage, Ampulle, Packung,<br>Tagesmake-up<\/p>\n\n\n\n<p><strong>Kurzbehandlung<\/strong>, 60 Minuten&nbsp;&nbsp;&nbsp;&nbsp;&nbsp;&nbsp;&nbsp;&nbsp;&nbsp;&nbsp;&nbsp;&nbsp;&nbsp;&nbsp;&nbsp;&nbsp;&nbsp;&nbsp;&nbsp;&nbsp;&nbsp;&nbsp;&nbsp;&nbsp;&nbsp;&nbsp;&nbsp;&nbsp;&nbsp;&nbsp;&nbsp;&nbsp;&nbsp;&nbsp;&nbsp;&nbsp;&nbsp;&nbsp;&nbsp;&nbsp;&nbsp;&nbsp;&nbsp;&nbsp;&nbsp;&nbsp;&nbsp;&nbsp;&nbsp;&nbsp;&nbsp;&nbsp;&nbsp;&nbsp;&nbsp;&nbsp;&nbsp;&nbsp;&nbsp;&nbsp;&nbsp;&nbsp;&nbsp;&nbsp;&nbsp;&nbsp;&nbsp;&nbsp; &nbsp;&nbsp; &nbsp;&nbsp;&nbsp;&nbsp;&nbsp;&nbsp;<br>Nur Gesicht<br>Reinigung, Peeling, Ampulle, kleine Massage, Tagespflege<br><br><strong>Zusatzbehandlungen<\/strong>:<\/p>\n\n\n\n<ul class=\"wp-block-list\">\n<li>Depillation &nbsp; &nbsp; &nbsp; &nbsp; &nbsp; &nbsp; &nbsp; &nbsp; &nbsp; &nbsp; &nbsp; &nbsp; &nbsp; &nbsp; &nbsp; &nbsp; &nbsp; &nbsp; &nbsp;&nbsp;<\/li>\n\n\n\n<li>Augenbrauen f\u00e4rben<\/li>\n\n\n\n<li>Augenbrauen, Formgebung&nbsp;&nbsp;&nbsp; &nbsp; &nbsp;&nbsp;&nbsp; &nbsp; &nbsp; &nbsp; &nbsp; &nbsp; &nbsp; &nbsp;&nbsp;<\/li>\n\n\n\n<li>Wimpern f\u00e4rben<\/li>\n\n\n\n<li>Augenampulle&nbsp;&nbsp;&nbsp;&nbsp;&nbsp;&nbsp;&nbsp;&nbsp;&nbsp;&nbsp;&nbsp;&nbsp;&nbsp;&nbsp;&nbsp;&nbsp;&nbsp;&nbsp;&nbsp;&nbsp;&nbsp;&nbsp;&nbsp;&nbsp;&nbsp;&nbsp;&nbsp;&nbsp;&nbsp;&nbsp;&nbsp;&nbsp;&nbsp;&nbsp;&nbsp;<\/li>\n<\/ul>\n\n\n\n<p><strong>Aknebehandlung&nbsp;<\/strong>&nbsp;&nbsp;&nbsp;&nbsp;&nbsp;&nbsp;&nbsp;&nbsp;&nbsp;&nbsp;&nbsp;&nbsp;&nbsp;&nbsp; &nbsp; ca. 45 Minuten<br><strong>Lymphdrainage Gesicht<\/strong>&nbsp;&nbsp;&nbsp;&nbsp;   ca. 30 Minuten&nbsp;&nbsp;&nbsp;&nbsp;&nbsp;&nbsp;&nbsp;&nbsp;&nbsp;&nbsp;&nbsp;&nbsp;&nbsp;&nbsp;&nbsp;&nbsp;&nbsp;&nbsp;&nbsp;&nbsp;&nbsp;&nbsp;&nbsp;&nbsp;&nbsp;&nbsp;&nbsp;&nbsp;&nbsp;&nbsp;&nbsp;&nbsp;&nbsp;&nbsp;&nbsp;&nbsp;&nbsp;&nbsp;&nbsp;&nbsp;&nbsp;&nbsp;&nbsp;&nbsp;&nbsp;<\/p>\n\n\n\n<p><strong>Diamant-Mikrodermabrasion<\/strong><\/p>\n\n\n\n<p>Erfahren Sie eine sichtbare und sp\u00fcrbare Verbesserung Ihres Hautbildes!<\/p>\n\n\n\n<p>Diamant-Mikrodermabrasion ist ein kontrolliertes, mechanisches Peeling, bei dem die obersten Hautschichten sanft und schmerzfrei abgetragen werden. Selbst die Behandlung von empfindlicher Haut ist m\u00f6glich. Die nat\u00fcrliche Hautregeneration wird angeregt, Wirkstoffe f\u00fcr den individuellen Hauttyp werden optimal aufgenommen.<\/p>\n\n\n\n<p><strong>Was sind die Ziele der Diamant-Mikrodermabrasion?<\/strong><\/p>\n\n\n\n<ul class=\"wp-block-list\">\n<li>Verfeinerung des Hautbildes<\/li>\n\n\n\n<li>Verminderung von Mimikfalten<\/li>\n\n\n\n<li>Verminderung von Dehnungsstreifen<\/li>\n\n\n\n<li>Reduktion von Altersflecken<\/li>\n\n\n\n<li>Behandlung von gro\u00dfporiger, unreiner Haut<\/li>\n<\/ul>\n","protected":false},"excerpt":{"rendered":"<p>Klassische Gesichtsbehandlung Klassikbehandlung, 90 Minuten&nbsp;&nbsp;&nbsp;&nbsp;&nbsp;&nbsp;&nbsp;&nbsp;&nbsp;&nbsp;&nbsp;&nbsp;&nbsp;&nbsp;&nbsp;&nbsp;&nbsp;&nbsp;&nbsp;&nbsp;&nbsp;&nbsp; &nbsp; &nbsp; &nbsp; &nbsp; &nbsp; &nbsp; &nbsp; &nbsp; &nbsp; &nbsp; &nbsp; &nbsp; &nbsp; &nbsp; &nbsp; &nbsp; &nbsp;&nbsp; &nbsp; &nbsp; &nbsp; &nbsp; &nbsp;&nbsp;&nbsp;&nbsp;&nbsp;Gesicht, Hals, Dekollet\u00e9Hautbeurteilung, Anamnese, &hellip; <\/p>\n","protected":false},"author":1,"featured_media":57,"parent":0,"menu_order":0,"comment_status":"closed","ping_status":"closed","template":"","meta":{"footnotes":""},"class_list":["post-67","page","type-page","status-publish","has-post-thumbnail","hentry","latest_post"],"yoast_head":"<!-- This site is optimized with the Yoast SEO plugin v24.1 - https:\/\/yoast.com\/wordpress\/plugins\/seo\/ -->\n<title>Kosmetik - CTS Beauty-Ecke und Fachfu\u00dfpflege<\/title>\n<meta name=\"description\" content=\"Klassische Gesichtsbehandlung, Diamant-Mikrodermabrasion und weitere Angebote zum Thema Kosmetik in der Beauty-Ecke und Fachfu\u00dfflege.\" \/>\n<meta name=\"robots\" content=\"index, follow, max-snippet:-1, max-image-preview:large, max-video-preview:-1\" \/>\n<link rel=\"canonical\" href=\"https:\/\/cts-beauty-fachfusspflege.de\/index.php\/kosmetik\/\" \/>\n<meta property=\"og:locale\" content=\"de_DE\" \/>\n<meta property=\"og:type\" content=\"article\" \/>\n<meta property=\"og:title\" content=\"Kosmetik - CTS Beauty-Ecke und Fachfu\u00dfpflege\" \/>\n<meta property=\"og:description\" content=\"Klassische Gesichtsbehandlung, Diamant-Mikrodermabrasion und weitere Angebote zum Thema Kosmetik in der Beauty-Ecke und Fachfu\u00dfflege.\" \/>\n<meta property=\"og:url\" content=\"https:\/\/cts-beauty-fachfusspflege.de\/index.php\/kosmetik\/\" \/>\n<meta property=\"og:site_name\" content=\"CTS Beauty-Ecke und Fachfu\u00dfpflege\" \/>\n<meta property=\"article:modified_time\" content=\"2024-10-24T15:34:28+00:00\" \/>\n<meta property=\"og:image\" content=\"https:\/\/cts-beauty-fachfusspflege.de\/wp-content\/uploads\/2024\/04\/kosmetik1.jpg\" \/>\n\t<meta property=\"og:image:width\" content=\"511\" \/>\n\t<meta property=\"og:image:height\" content=\"768\" \/>\n\t<meta property=\"og:image:type\" content=\"image\/jpeg\" \/>\n<meta name=\"twitter:card\" content=\"summary_large_image\" \/>\n<meta name=\"twitter:label1\" content=\"Gesch\u00e4tzte Lesezeit\" \/>\n\t<meta name=\"twitter:data1\" content=\"2\u00a0Minuten\" \/>\n<script type=\"application\/ld+json\" class=\"yoast-schema-graph\">{\"@context\":\"https:\/\/schema.org\",\"@graph\":[{\"@type\":\"WebPage\",\"@id\":\"https:\/\/cts-beauty-fachfusspflege.de\/index.php\/kosmetik\/\",\"url\":\"https:\/\/cts-beauty-fachfusspflege.de\/index.php\/kosmetik\/\",\"name\":\"Kosmetik - CTS Beauty-Ecke und Fachfu\u00dfpflege\",\"isPartOf\":{\"@id\":\"https:\/\/cts-beauty-fachfusspflege.de\/#website\"},\"primaryImageOfPage\":{\"@id\":\"https:\/\/cts-beauty-fachfusspflege.de\/index.php\/kosmetik\/#primaryimage\"},\"image\":{\"@id\":\"https:\/\/cts-beauty-fachfusspflege.de\/index.php\/kosmetik\/#primaryimage\"},\"thumbnailUrl\":\"https:\/\/cts-beauty-fachfusspflege.de\/wp-content\/uploads\/2024\/04\/kosmetik1.jpg\",\"datePublished\":\"2024-04-23T21:37:10+00:00\",\"dateModified\":\"2024-10-24T15:34:28+00:00\",\"description\":\"Klassische Gesichtsbehandlung, Diamant-Mikrodermabrasion und weitere Angebote zum Thema Kosmetik in der Beauty-Ecke und Fachfu\u00dfflege.\",\"breadcrumb\":{\"@id\":\"https:\/\/cts-beauty-fachfusspflege.de\/index.php\/kosmetik\/#breadcrumb\"},\"inLanguage\":\"de\",\"potentialAction\":[{\"@type\":\"ReadAction\",\"target\":[\"https:\/\/cts-beauty-fachfusspflege.de\/index.php\/kosmetik\/\"]}]},{\"@type\":\"ImageObject\",\"inLanguage\":\"de\",\"@id\":\"https:\/\/cts-beauty-fachfusspflege.de\/index.php\/kosmetik\/#primaryimage\",\"url\":\"https:\/\/cts-beauty-fachfusspflege.de\/wp-content\/uploads\/2024\/04\/kosmetik1.jpg\",\"contentUrl\":\"https:\/\/cts-beauty-fachfusspflege.de\/wp-content\/uploads\/2024\/04\/kosmetik1.jpg\",\"width\":511,\"height\":768},{\"@type\":\"BreadcrumbList\",\"@id\":\"https:\/\/cts-beauty-fachfusspflege.de\/index.php\/kosmetik\/#breadcrumb\",\"itemListElement\":[{\"@type\":\"ListItem\",\"position\":1,\"name\":\"Startseite\",\"item\":\"https:\/\/cts-beauty-fachfusspflege.de\/\"},{\"@type\":\"ListItem\",\"position\":2,\"name\":\"Kosmetik\"}]},{\"@type\":\"WebSite\",\"@id\":\"https:\/\/cts-beauty-fachfusspflege.de\/#website\",\"url\":\"https:\/\/cts-beauty-fachfusspflege.de\/\",\"name\":\"Beauty-Ecke und Fachfu\u00dfpflege\",\"description\":\"CTS Beauty-Ecke und Fachfu\u00dfpflege\",\"publisher\":{\"@id\":\"https:\/\/cts-beauty-fachfusspflege.de\/#organization\"},\"potentialAction\":[{\"@type\":\"SearchAction\",\"target\":{\"@type\":\"EntryPoint\",\"urlTemplate\":\"https:\/\/cts-beauty-fachfusspflege.de\/?s={search_term_string}\"},\"query-input\":{\"@type\":\"PropertyValueSpecification\",\"valueRequired\":true,\"valueName\":\"search_term_string\"}}],\"inLanguage\":\"de\"},{\"@type\":\"Organization\",\"@id\":\"https:\/\/cts-beauty-fachfusspflege.de\/#organization\",\"name\":\"Beauty-Ecke und Fachfu\u00dfpflege\",\"url\":\"https:\/\/cts-beauty-fachfusspflege.de\/\",\"logo\":{\"@type\":\"ImageObject\",\"inLanguage\":\"de\",\"@id\":\"https:\/\/cts-beauty-fachfusspflege.de\/#\/schema\/logo\/image\/\",\"url\":\"https:\/\/cts-beauty-fachfusspflege.de\/wp-content\/uploads\/2024\/05\/cts-2.png\",\"contentUrl\":\"https:\/\/cts-beauty-fachfusspflege.de\/wp-content\/uploads\/2024\/05\/cts-2.png\",\"width\":500,\"height\":250,\"caption\":\"Beauty-Ecke und Fachfu\u00dfpflege\"},\"image\":{\"@id\":\"https:\/\/cts-beauty-fachfusspflege.de\/#\/schema\/logo\/image\/\"}}]}<\/script>\n<!-- \/ Yoast SEO plugin. -->","yoast_head_json":{"title":"Kosmetik - CTS Beauty-Ecke und Fachfu\u00dfpflege","description":"Klassische Gesichtsbehandlung, Diamant-Mikrodermabrasion und weitere Angebote zum Thema Kosmetik in der Beauty-Ecke und Fachfu\u00dfflege.","robots":{"index":"index","follow":"follow","max-snippet":"max-snippet:-1","max-image-preview":"max-image-preview:large","max-video-preview":"max-video-preview:-1"},"canonical":"https:\/\/cts-beauty-fachfusspflege.de\/index.php\/kosmetik\/","og_locale":"de_DE","og_type":"article","og_title":"Kosmetik - CTS Beauty-Ecke und Fachfu\u00dfpflege","og_description":"Klassische Gesichtsbehandlung, Diamant-Mikrodermabrasion und weitere Angebote zum Thema Kosmetik in der Beauty-Ecke und Fachfu\u00dfflege.","og_url":"https:\/\/cts-beauty-fachfusspflege.de\/index.php\/kosmetik\/","og_site_name":"CTS Beauty-Ecke und Fachfu\u00dfpflege","article_modified_time":"2024-10-24T15:34:28+00:00","og_image":[{"width":511,"height":768,"url":"https:\/\/cts-beauty-fachfusspflege.de\/wp-content\/uploads\/2024\/04\/kosmetik1.jpg","type":"image\/jpeg"}],"twitter_card":"summary_large_image","twitter_misc":{"Gesch\u00e4tzte Lesezeit":"2\u00a0Minuten"},"schema":{"@context":"https:\/\/schema.org","@graph":[{"@type":"WebPage","@id":"https:\/\/cts-beauty-fachfusspflege.de\/index.php\/kosmetik\/","url":"https:\/\/cts-beauty-fachfusspflege.de\/index.php\/kosmetik\/","name":"Kosmetik - CTS Beauty-Ecke und Fachfu\u00dfpflege","isPartOf":{"@id":"https:\/\/cts-beauty-fachfusspflege.de\/#website"},"primaryImageOfPage":{"@id":"https:\/\/cts-beauty-fachfusspflege.de\/index.php\/kosmetik\/#primaryimage"},"image":{"@id":"https:\/\/cts-beauty-fachfusspflege.de\/index.php\/kosmetik\/#primaryimage"},"thumbnailUrl":"https:\/\/cts-beauty-fachfusspflege.de\/wp-content\/uploads\/2024\/04\/kosmetik1.jpg","datePublished":"2024-04-23T21:37:10+00:00","dateModified":"2024-10-24T15:34:28+00:00","description":"Klassische Gesichtsbehandlung, Diamant-Mikrodermabrasion und weitere Angebote zum Thema Kosmetik in der Beauty-Ecke und Fachfu\u00dfflege.","breadcrumb":{"@id":"https:\/\/cts-beauty-fachfusspflege.de\/index.php\/kosmetik\/#breadcrumb"},"inLanguage":"de","potentialAction":[{"@type":"ReadAction","target":["https:\/\/cts-beauty-fachfusspflege.de\/index.php\/kosmetik\/"]}]},{"@type":"ImageObject","inLanguage":"de","@id":"https:\/\/cts-beauty-fachfusspflege.de\/index.php\/kosmetik\/#primaryimage","url":"https:\/\/cts-beauty-fachfusspflege.de\/wp-content\/uploads\/2024\/04\/kosmetik1.jpg","contentUrl":"https:\/\/cts-beauty-fachfusspflege.de\/wp-content\/uploads\/2024\/04\/kosmetik1.jpg","width":511,"height":768},{"@type":"BreadcrumbList","@id":"https:\/\/cts-beauty-fachfusspflege.de\/index.php\/kosmetik\/#breadcrumb","itemListElement":[{"@type":"ListItem","position":1,"name":"Startseite","item":"https:\/\/cts-beauty-fachfusspflege.de\/"},{"@type":"ListItem","position":2,"name":"Kosmetik"}]},{"@type":"WebSite","@id":"https:\/\/cts-beauty-fachfusspflege.de\/#website","url":"https:\/\/cts-beauty-fachfusspflege.de\/","name":"Beauty-Ecke und Fachfu\u00dfpflege","description":"CTS Beauty-Ecke und Fachfu\u00dfpflege","publisher":{"@id":"https:\/\/cts-beauty-fachfusspflege.de\/#organization"},"potentialAction":[{"@type":"SearchAction","target":{"@type":"EntryPoint","urlTemplate":"https:\/\/cts-beauty-fachfusspflege.de\/?s={search_term_string}"},"query-input":{"@type":"PropertyValueSpecification","valueRequired":true,"valueName":"search_term_string"}}],"inLanguage":"de"},{"@type":"Organization","@id":"https:\/\/cts-beauty-fachfusspflege.de\/#organization","name":"Beauty-Ecke und Fachfu\u00dfpflege","url":"https:\/\/cts-beauty-fachfusspflege.de\/","logo":{"@type":"ImageObject","inLanguage":"de","@id":"https:\/\/cts-beauty-fachfusspflege.de\/#\/schema\/logo\/image\/","url":"https:\/\/cts-beauty-fachfusspflege.de\/wp-content\/uploads\/2024\/05\/cts-2.png","contentUrl":"https:\/\/cts-beauty-fachfusspflege.de\/wp-content\/uploads\/2024\/05\/cts-2.png","width":500,"height":250,"caption":"Beauty-Ecke und Fachfu\u00dfpflege"},"image":{"@id":"https:\/\/cts-beauty-fachfusspflege.de\/#\/schema\/logo\/image\/"}}]}},"jetpack_sharing_enabled":true,"_links":{"self":[{"href":"https:\/\/cts-beauty-fachfusspflege.de\/index.php\/wp-json\/wp\/v2\/pages\/67","targetHints":{"allow":["GET"]}}],"collection":[{"href":"https:\/\/cts-beauty-fachfusspflege.de\/index.php\/wp-json\/wp\/v2\/pages"}],"about":[{"href":"https:\/\/cts-beauty-fachfusspflege.de\/index.php\/wp-json\/wp\/v2\/types\/page"}],"author":[{"embeddable":true,"href":"https:\/\/cts-beauty-fachfusspflege.de\/index.php\/wp-json\/wp\/v2\/users\/1"}],"replies":[{"embeddable":true,"href":"https:\/\/cts-beauty-fachfusspflege.de\/index.php\/wp-json\/wp\/v2\/comments?post=67"}],"version-history":[{"count":9,"href":"https:\/\/cts-beauty-fachfusspflege.de\/index.php\/wp-json\/wp\/v2\/pages\/67\/revisions"}],"predecessor-version":[{"id":260,"href":"https:\/\/cts-beauty-fachfusspflege.de\/index.php\/wp-json\/wp\/v2\/pages\/67\/revisions\/260"}],"wp:featuredmedia":[{"embeddable":true,"href":"https:\/\/cts-beauty-fachfusspflege.de\/index.php\/wp-json\/wp\/v2\/media\/57"}],"wp:attachment":[{"href":"https:\/\/cts-beauty-fachfusspflege.de\/index.php\/wp-json\/wp\/v2\/media?parent=67"}],"curies":[{"name":"wp","href":"https:\/\/api.w.org\/{rel}","templated":true}]}}