{"id":64,"date":"2024-04-23T21:31:00","date_gmt":"2024-04-23T21:31:00","guid":{"rendered":"https:\/\/cts-beauty.de\/?page_id=64"},"modified":"2025-03-05T16:41:17","modified_gmt":"2025-03-05T16:41:17","slug":"koerperwickel","status":"publish","type":"page","link":"https:\/\/cts-beauty-fachfusspflege.de\/index.php\/koerperwickel\/","title":{"rendered":"K\u00f6rperwickel"},"content":{"rendered":"\n<h5 class=\"wp-block-heading\">Mit K\u00f6rperwickeln verschiedene Problemzonen gezielt behandeln.<\/h5>\n\n\n\n<details class=\"wp-block-details is-layout-flow wp-block-details-is-layout-flow\"><summary>W\u00e4rmewickel (Body Wrapping)<\/summary>\n<h6 class=\"wp-block-heading\">Wirkung:<br>Durchblutungsf\u00f6rderung, Verbesserung des Hautbilds bei Cellulite, Umfangreduzierung<\/h6>\n\n\n\n<p>Wer w\u00fcnscht sich nicht eine glattere Haut, ein strafferes Bindegewebe, das Verschwinden von kleinen Fettp\u00f6lsterchen, weniger Cellulite, weniger K\u00f6rperumfang\u2026.<\/p>\n\n\n\n<p>Mit unseren speziellen Gels und Wrapps in der Beauty-Ecke<br>bleibt das nicht mehr l\u00e4nger nur ein Wunsch.<\/p>\n\n\n\n<p>\u00c4therische \u00d6le, Pflanzenextrakte und hautfeuchthaltende Inhaltsstoffe unserer Shaping Gels machen Ihre Haut weich und geschmeidig, wirken durchblutungsf\u00f6rdernd, regen den Lypmhfluss an, entschlacken das Gewebe und wirken somit Cellulite entgegen.<\/p>\n\n\n\n<p>Ganz nebenbei:<br>Sie entspannen w\u00e4hrend der Einwirkzeit und steigern Ihr Wohlbefinden.<br>G\u00f6nnen Sie sich das Erlebnis und den Erfolg!!<\/p>\n<\/details>\n\n\n\n<details class=\"wp-block-details is-layout-flow wp-block-details-is-layout-flow\"><summary>K\u00e4ltewickel<\/summary>\n<h6 class=\"wp-block-heading\">Wirkung:<br>abschwellend, gef\u00e4\u00dfkr\u00e4ftigend und hautberuhigend<\/h6>\n\n\n\n<h6 class=\"wp-block-heading\">Anwendung bei:<br>Schweren Beinen, Besenreisern<\/h6>\n\n\n\n<p>Kennen Sie das Gef\u00fchl m\u00fcder und schwerer oder angeschwollener Beine?<br>Dann haben wir das Richtige f\u00fcr Sie.<\/p>\n\n\n\n<p>Unsere Cool Gels lassen Sie wie auf Wolken schweben.<br>Inhaltsstoffe wie Kampfer, Menthol, Algen und Alkohl bewirken ein intensives Gef\u00e4\u00dftraining.<\/p>\n\n\n\n<p>Sie erfahren sofortige Besserung, Besenreiser verblassen \u2013 Sie f\u00fchlen sich topfit!!<\/p>\n<\/details>\n\n\n\n<details class=\"wp-block-details is-layout-flow wp-block-details-is-layout-flow\"><summary>Basenwickel<\/summary>\n<h6 class=\"wp-block-heading\">Wirkung:<br>Entgiftung und Entschlackung. &nbsp;&nbsp;&nbsp;&nbsp;&nbsp;&nbsp;&nbsp;&nbsp;&nbsp;&nbsp;&nbsp;&nbsp;&nbsp;&nbsp;&nbsp;&nbsp;&nbsp;&nbsp;&nbsp;&nbsp;&nbsp;&nbsp;&nbsp;<\/h6>\n\n\n\n<p>Ganzk\u00f6rperbehandlung&nbsp;Behandlungsdauer ca. 90 min.&nbsp;&nbsp;&nbsp;<\/p>\n\n\n\n<p>Unser Lebensstil und unsere Umwelt lassen unseren K\u00f6rper \u00fcbers\u00e4uern.<\/p>\n\n\n\n<p>Gesundheitliche Sch\u00e4den sind die Folge.<\/p>\n\n\n\n<p>Keine rechte Lebensfreude mehr, Abgespanntheit, M\u00fcdigkeit, chronische<br>Kopfschmerzen, R\u00fcckenschmerzen, Verstopfung, Flie\u00dfschnupfen, tr\u00e4nende Augen und so manch andere Beschwerden k\u00f6nnen eine Reaktion einer jahrzehnte dauernden S\u00e4urekatastrophe in unserem K\u00f6rper sein.<\/p>\n\n\n\n<p>Unsere Born by Nature K\u00f6rperwickel helfen Ihrem K\u00f6rper Gifte und Schlacken auszuscheiden und ein harmonisches Gleichgewicht herzustellen.<\/p>\n\n\n\n<p>Unsere Basenwickel in der Beauty-Ecke sind mehr als ein Wohlf\u00fchlwickel!<\/p>\n\n\n\n<p>Wir haben nunmal nur diesen einen K\u00f6rper \u2013 er hat diesen Luxus verdient!!<\/p>\n<\/details>\n\n\n\n<figure class=\"wp-block-gallery has-nested-images columns-default is-cropped wp-block-gallery-1 is-layout-flex wp-block-gallery-is-layout-flex\">\n<figure class=\"wp-block-image size-large is-style-default\"><img loading=\"lazy\" decoding=\"async\" width=\"220\" height=\"330\" data-id=\"164\" src=\"https:\/\/cts-beauty.de\/wp-content\/uploads\/2024\/07\/cache_2466396506.jpg\" alt=\"\" class=\"wp-image-164\" srcset=\"https:\/\/cts-beauty-fachfusspflege.de\/wp-content\/uploads\/2024\/07\/cache_2466396506.jpg 220w, https:\/\/cts-beauty-fachfusspflege.de\/wp-content\/uploads\/2024\/07\/cache_2466396506-200x300.jpg 200w, https:\/\/cts-beauty-fachfusspflege.de\/wp-content\/uploads\/2024\/07\/cache_2466396506-40x60.jpg 40w\" sizes=\"auto, (max-width: 220px) 100vw, 220px\" \/><\/figure>\n\n\n\n<figure class=\"wp-block-image size-large is-style-default\"><img loading=\"lazy\" decoding=\"async\" width=\"443\" height=\"315\" data-id=\"163\" src=\"https:\/\/cts-beauty.de\/wp-content\/uploads\/2024\/07\/cache_2466396519.jpg\" alt=\"\" class=\"wp-image-163\" srcset=\"https:\/\/cts-beauty-fachfusspflege.de\/wp-content\/uploads\/2024\/07\/cache_2466396519.jpg 443w, https:\/\/cts-beauty-fachfusspflege.de\/wp-content\/uploads\/2024\/07\/cache_2466396519-300x213.jpg 300w, https:\/\/cts-beauty-fachfusspflege.de\/wp-content\/uploads\/2024\/07\/cache_2466396519-84x60.jpg 84w\" sizes=\"auto, (max-width: 443px) 100vw, 443px\" \/><\/figure>\n<\/figure>\n","protected":false},"excerpt":{"rendered":"<p>Mit K\u00f6rperwickeln verschiedene Problemzonen gezielt behandeln.<\/p>\n","protected":false},"author":1,"featured_media":123,"parent":0,"menu_order":0,"comment_status":"closed","ping_status":"closed","template":"","meta":{"footnotes":""},"class_list":["post-64","page","type-page","status-publish","has-post-thumbnail","hentry","latest_post"],"yoast_head":"<!-- This site is optimized with the Yoast SEO plugin v24.1 - https:\/\/yoast.com\/wordpress\/plugins\/seo\/ -->\n<title>K\u00f6rperwickel - CTS Beauty-Ecke und Fachfu\u00dfpflege<\/title>\n<meta name=\"description\" content=\"Mit K\u00f6rperwickeln (K\u00e4ltewickel, W\u00e4rmewickel, Basenwickel) verschiedene Problemzonen gezielt behandeln.\" \/>\n<meta name=\"robots\" content=\"index, follow, max-snippet:-1, max-image-preview:large, max-video-preview:-1\" \/>\n<link rel=\"canonical\" href=\"https:\/\/cts-beauty-fachfusspflege.de\/index.php\/koerperwickel\/\" \/>\n<meta property=\"og:locale\" content=\"de_DE\" \/>\n<meta property=\"og:type\" content=\"article\" \/>\n<meta property=\"og:title\" content=\"K\u00f6rperwickel - CTS Beauty-Ecke und Fachfu\u00dfpflege\" \/>\n<meta property=\"og:description\" content=\"Mit K\u00f6rperwickeln (K\u00e4ltewickel, W\u00e4rmewickel, Basenwickel) verschiedene Problemzonen gezielt behandeln.\" \/>\n<meta property=\"og:url\" content=\"https:\/\/cts-beauty-fachfusspflege.de\/index.php\/koerperwickel\/\" \/>\n<meta property=\"og:site_name\" content=\"CTS Beauty-Ecke und Fachfu\u00dfpflege\" \/>\n<meta property=\"article:modified_time\" content=\"2025-03-05T16:41:17+00:00\" \/>\n<meta property=\"og:image\" content=\"https:\/\/cts-beauty-fachfusspflege.de\/wp-content\/uploads\/2024\/05\/body-joy.jpg\" \/>\n\t<meta property=\"og:image:width\" content=\"500\" \/>\n\t<meta property=\"og:image:height\" content=\"500\" \/>\n\t<meta property=\"og:image:type\" content=\"image\/jpeg\" \/>\n<meta name=\"twitter:card\" content=\"summary_large_image\" \/>\n<meta name=\"twitter:label1\" content=\"Gesch\u00e4tzte Lesezeit\" \/>\n\t<meta name=\"twitter:data1\" content=\"3\u00a0Minuten\" \/>\n<script type=\"application\/ld+json\" class=\"yoast-schema-graph\">{\"@context\":\"https:\/\/schema.org\",\"@graph\":[{\"@type\":\"WebPage\",\"@id\":\"https:\/\/cts-beauty-fachfusspflege.de\/index.php\/koerperwickel\/\",\"url\":\"https:\/\/cts-beauty-fachfusspflege.de\/index.php\/koerperwickel\/\",\"name\":\"K\u00f6rperwickel - CTS Beauty-Ecke und Fachfu\u00dfpflege\",\"isPartOf\":{\"@id\":\"https:\/\/cts-beauty-fachfusspflege.de\/#website\"},\"primaryImageOfPage\":{\"@id\":\"https:\/\/cts-beauty-fachfusspflege.de\/index.php\/koerperwickel\/#primaryimage\"},\"image\":{\"@id\":\"https:\/\/cts-beauty-fachfusspflege.de\/index.php\/koerperwickel\/#primaryimage\"},\"thumbnailUrl\":\"https:\/\/cts-beauty-fachfusspflege.de\/wp-content\/uploads\/2024\/05\/body-joy.jpg\",\"datePublished\":\"2024-04-23T21:31:00+00:00\",\"dateModified\":\"2025-03-05T16:41:17+00:00\",\"description\":\"Mit K\u00f6rperwickeln (K\u00e4ltewickel, W\u00e4rmewickel, Basenwickel) verschiedene Problemzonen gezielt behandeln.\",\"breadcrumb\":{\"@id\":\"https:\/\/cts-beauty-fachfusspflege.de\/index.php\/koerperwickel\/#breadcrumb\"},\"inLanguage\":\"de\",\"potentialAction\":[{\"@type\":\"ReadAction\",\"target\":[\"https:\/\/cts-beauty-fachfusspflege.de\/index.php\/koerperwickel\/\"]}]},{\"@type\":\"ImageObject\",\"inLanguage\":\"de\",\"@id\":\"https:\/\/cts-beauty-fachfusspflege.de\/index.php\/koerperwickel\/#primaryimage\",\"url\":\"https:\/\/cts-beauty-fachfusspflege.de\/wp-content\/uploads\/2024\/05\/body-joy.jpg\",\"contentUrl\":\"https:\/\/cts-beauty-fachfusspflege.de\/wp-content\/uploads\/2024\/05\/body-joy.jpg\",\"width\":500,\"height\":500},{\"@type\":\"BreadcrumbList\",\"@id\":\"https:\/\/cts-beauty-fachfusspflege.de\/index.php\/koerperwickel\/#breadcrumb\",\"itemListElement\":[{\"@type\":\"ListItem\",\"position\":1,\"name\":\"Startseite\",\"item\":\"https:\/\/cts-beauty-fachfusspflege.de\/\"},{\"@type\":\"ListItem\",\"position\":2,\"name\":\"K\u00f6rperwickel\"}]},{\"@type\":\"WebSite\",\"@id\":\"https:\/\/cts-beauty-fachfusspflege.de\/#website\",\"url\":\"https:\/\/cts-beauty-fachfusspflege.de\/\",\"name\":\"Beauty-Ecke und Fachfu\u00dfpflege\",\"description\":\"CTS Beauty-Ecke und Fachfu\u00dfpflege\",\"publisher\":{\"@id\":\"https:\/\/cts-beauty-fachfusspflege.de\/#organization\"},\"potentialAction\":[{\"@type\":\"SearchAction\",\"target\":{\"@type\":\"EntryPoint\",\"urlTemplate\":\"https:\/\/cts-beauty-fachfusspflege.de\/?s={search_term_string}\"},\"query-input\":{\"@type\":\"PropertyValueSpecification\",\"valueRequired\":true,\"valueName\":\"search_term_string\"}}],\"inLanguage\":\"de\"},{\"@type\":\"Organization\",\"@id\":\"https:\/\/cts-beauty-fachfusspflege.de\/#organization\",\"name\":\"Beauty-Ecke und Fachfu\u00dfpflege\",\"url\":\"https:\/\/cts-beauty-fachfusspflege.de\/\",\"logo\":{\"@type\":\"ImageObject\",\"inLanguage\":\"de\",\"@id\":\"https:\/\/cts-beauty-fachfusspflege.de\/#\/schema\/logo\/image\/\",\"url\":\"https:\/\/cts-beauty-fachfusspflege.de\/wp-content\/uploads\/2024\/05\/cts-2.png\",\"contentUrl\":\"https:\/\/cts-beauty-fachfusspflege.de\/wp-content\/uploads\/2024\/05\/cts-2.png\",\"width\":500,\"height\":250,\"caption\":\"Beauty-Ecke und Fachfu\u00dfpflege\"},\"image\":{\"@id\":\"https:\/\/cts-beauty-fachfusspflege.de\/#\/schema\/logo\/image\/\"}}]}<\/script>\n<!-- \/ Yoast SEO plugin. -->","yoast_head_json":{"title":"K\u00f6rperwickel - CTS Beauty-Ecke und Fachfu\u00dfpflege","description":"Mit K\u00f6rperwickeln (K\u00e4ltewickel, W\u00e4rmewickel, Basenwickel) verschiedene Problemzonen gezielt behandeln.","robots":{"index":"index","follow":"follow","max-snippet":"max-snippet:-1","max-image-preview":"max-image-preview:large","max-video-preview":"max-video-preview:-1"},"canonical":"https:\/\/cts-beauty-fachfusspflege.de\/index.php\/koerperwickel\/","og_locale":"de_DE","og_type":"article","og_title":"K\u00f6rperwickel - CTS Beauty-Ecke und Fachfu\u00dfpflege","og_description":"Mit K\u00f6rperwickeln (K\u00e4ltewickel, W\u00e4rmewickel, Basenwickel) verschiedene Problemzonen gezielt behandeln.","og_url":"https:\/\/cts-beauty-fachfusspflege.de\/index.php\/koerperwickel\/","og_site_name":"CTS Beauty-Ecke und Fachfu\u00dfpflege","article_modified_time":"2025-03-05T16:41:17+00:00","og_image":[{"width":500,"height":500,"url":"https:\/\/cts-beauty-fachfusspflege.de\/wp-content\/uploads\/2024\/05\/body-joy.jpg","type":"image\/jpeg"}],"twitter_card":"summary_large_image","twitter_misc":{"Gesch\u00e4tzte Lesezeit":"3\u00a0Minuten"},"schema":{"@context":"https:\/\/schema.org","@graph":[{"@type":"WebPage","@id":"https:\/\/cts-beauty-fachfusspflege.de\/index.php\/koerperwickel\/","url":"https:\/\/cts-beauty-fachfusspflege.de\/index.php\/koerperwickel\/","name":"K\u00f6rperwickel - CTS Beauty-Ecke und Fachfu\u00dfpflege","isPartOf":{"@id":"https:\/\/cts-beauty-fachfusspflege.de\/#website"},"primaryImageOfPage":{"@id":"https:\/\/cts-beauty-fachfusspflege.de\/index.php\/koerperwickel\/#primaryimage"},"image":{"@id":"https:\/\/cts-beauty-fachfusspflege.de\/index.php\/koerperwickel\/#primaryimage"},"thumbnailUrl":"https:\/\/cts-beauty-fachfusspflege.de\/wp-content\/uploads\/2024\/05\/body-joy.jpg","datePublished":"2024-04-23T21:31:00+00:00","dateModified":"2025-03-05T16:41:17+00:00","description":"Mit K\u00f6rperwickeln (K\u00e4ltewickel, W\u00e4rmewickel, Basenwickel) verschiedene Problemzonen gezielt behandeln.","breadcrumb":{"@id":"https:\/\/cts-beauty-fachfusspflege.de\/index.php\/koerperwickel\/#breadcrumb"},"inLanguage":"de","potentialAction":[{"@type":"ReadAction","target":["https:\/\/cts-beauty-fachfusspflege.de\/index.php\/koerperwickel\/"]}]},{"@type":"ImageObject","inLanguage":"de","@id":"https:\/\/cts-beauty-fachfusspflege.de\/index.php\/koerperwickel\/#primaryimage","url":"https:\/\/cts-beauty-fachfusspflege.de\/wp-content\/uploads\/2024\/05\/body-joy.jpg","contentUrl":"https:\/\/cts-beauty-fachfusspflege.de\/wp-content\/uploads\/2024\/05\/body-joy.jpg","width":500,"height":500},{"@type":"BreadcrumbList","@id":"https:\/\/cts-beauty-fachfusspflege.de\/index.php\/koerperwickel\/#breadcrumb","itemListElement":[{"@type":"ListItem","position":1,"name":"Startseite","item":"https:\/\/cts-beauty-fachfusspflege.de\/"},{"@type":"ListItem","position":2,"name":"K\u00f6rperwickel"}]},{"@type":"WebSite","@id":"https:\/\/cts-beauty-fachfusspflege.de\/#website","url":"https:\/\/cts-beauty-fachfusspflege.de\/","name":"Beauty-Ecke und Fachfu\u00dfpflege","description":"CTS Beauty-Ecke und Fachfu\u00dfpflege","publisher":{"@id":"https:\/\/cts-beauty-fachfusspflege.de\/#organization"},"potentialAction":[{"@type":"SearchAction","target":{"@type":"EntryPoint","urlTemplate":"https:\/\/cts-beauty-fachfusspflege.de\/?s={search_term_string}"},"query-input":{"@type":"PropertyValueSpecification","valueRequired":true,"valueName":"search_term_string"}}],"inLanguage":"de"},{"@type":"Organization","@id":"https:\/\/cts-beauty-fachfusspflege.de\/#organization","name":"Beauty-Ecke und Fachfu\u00dfpflege","url":"https:\/\/cts-beauty-fachfusspflege.de\/","logo":{"@type":"ImageObject","inLanguage":"de","@id":"https:\/\/cts-beauty-fachfusspflege.de\/#\/schema\/logo\/image\/","url":"https:\/\/cts-beauty-fachfusspflege.de\/wp-content\/uploads\/2024\/05\/cts-2.png","contentUrl":"https:\/\/cts-beauty-fachfusspflege.de\/wp-content\/uploads\/2024\/05\/cts-2.png","width":500,"height":250,"caption":"Beauty-Ecke und Fachfu\u00dfpflege"},"image":{"@id":"https:\/\/cts-beauty-fachfusspflege.de\/#\/schema\/logo\/image\/"}}]}},"jetpack_sharing_enabled":true,"_links":{"self":[{"href":"https:\/\/cts-beauty-fachfusspflege.de\/index.php\/wp-json\/wp\/v2\/pages\/64","targetHints":{"allow":["GET"]}}],"collection":[{"href":"https:\/\/cts-beauty-fachfusspflege.de\/index.php\/wp-json\/wp\/v2\/pages"}],"about":[{"href":"https:\/\/cts-beauty-fachfusspflege.de\/index.php\/wp-json\/wp\/v2\/types\/page"}],"author":[{"embeddable":true,"href":"https:\/\/cts-beauty-fachfusspflege.de\/index.php\/wp-json\/wp\/v2\/users\/1"}],"replies":[{"embeddable":true,"href":"https:\/\/cts-beauty-fachfusspflege.de\/index.php\/wp-json\/wp\/v2\/comments?post=64"}],"version-history":[{"count":11,"href":"https:\/\/cts-beauty-fachfusspflege.de\/index.php\/wp-json\/wp\/v2\/pages\/64\/revisions"}],"predecessor-version":[{"id":278,"href":"https:\/\/cts-beauty-fachfusspflege.de\/index.php\/wp-json\/wp\/v2\/pages\/64\/revisions\/278"}],"wp:featuredmedia":[{"embeddable":true,"href":"https:\/\/cts-beauty-fachfusspflege.de\/index.php\/wp-json\/wp\/v2\/media\/123"}],"wp:attachment":[{"href":"https:\/\/cts-beauty-fachfusspflege.de\/index.php\/wp-json\/wp\/v2\/media?parent=64"}],"curies":[{"name":"wp","href":"https:\/\/api.w.org\/{rel}","templated":true}]}}