{"id":61,"date":"2024-04-23T21:29:05","date_gmt":"2024-04-23T21:29:05","guid":{"rendered":"https:\/\/cts-beauty.de\/?page_id=61"},"modified":"2024-08-23T08:15:41","modified_gmt":"2024-08-23T08:15:41","slug":"leistungen","status":"publish","type":"page","link":"https:\/\/cts-beauty-fachfusspflege.de\/index.php\/leistungen\/","title":{"rendered":"Leistungen"},"content":{"rendered":"","protected":false},"excerpt":{"rendered":"","protected":false},"author":1,"featured_media":0,"parent":0,"menu_order":0,"comment_status":"closed","ping_status":"closed","template":"templates\/service.php","meta":{"footnotes":""},"class_list":["post-61","page","type-page","status-publish","hentry","latest_post"],"yoast_head":"<!-- This site is optimized with the Yoast SEO plugin v24.1 - https:\/\/yoast.com\/wordpress\/plugins\/seo\/ -->\n<title>Leistungen - CTS Beauty-Ecke und Fachfu\u00dfpflege<\/title>\n<meta name=\"description\" content=\"Kosmetik, Wimpernverl\u00e4ngerung, K\u00f6rperwickel, Sugaring, Fachfu\u00dfpflege u. Fu\u00dfzonenmassage, Manik\u00fcre &amp; Nails, Kopf- u. Nackenmassage\" \/>\n<meta name=\"robots\" content=\"index, follow, max-snippet:-1, max-image-preview:large, max-video-preview:-1\" \/>\n<link rel=\"canonical\" href=\"https:\/\/cts-beauty-fachfusspflege.de\/index.php\/leistungen\/\" \/>\n<meta property=\"og:locale\" content=\"de_DE\" \/>\n<meta property=\"og:type\" content=\"article\" \/>\n<meta property=\"og:title\" content=\"Leistungen - CTS Beauty-Ecke und Fachfu\u00dfpflege\" \/>\n<meta property=\"og:description\" content=\"Kosmetik, Wimpernverl\u00e4ngerung, K\u00f6rperwickel, Sugaring, Fachfu\u00dfpflege u. Fu\u00dfzonenmassage, Manik\u00fcre &amp; Nails, Kopf- u. Nackenmassage\" \/>\n<meta property=\"og:url\" content=\"https:\/\/cts-beauty-fachfusspflege.de\/index.php\/leistungen\/\" \/>\n<meta property=\"og:site_name\" content=\"CTS Beauty-Ecke und Fachfu\u00dfpflege\" \/>\n<meta property=\"article:modified_time\" content=\"2024-08-23T08:15:41+00:00\" \/>\n<meta name=\"twitter:card\" content=\"summary_large_image\" \/>\n<script type=\"application\/ld+json\" class=\"yoast-schema-graph\">{\"@context\":\"https:\/\/schema.org\",\"@graph\":[{\"@type\":\"WebPage\",\"@id\":\"https:\/\/cts-beauty-fachfusspflege.de\/index.php\/leistungen\/\",\"url\":\"https:\/\/cts-beauty-fachfusspflege.de\/index.php\/leistungen\/\",\"name\":\"Leistungen - CTS Beauty-Ecke und Fachfu\u00dfpflege\",\"isPartOf\":{\"@id\":\"https:\/\/cts-beauty-fachfusspflege.de\/#website\"},\"datePublished\":\"2024-04-23T21:29:05+00:00\",\"dateModified\":\"2024-08-23T08:15:41+00:00\",\"description\":\"Kosmetik, Wimpernverl\u00e4ngerung, K\u00f6rperwickel, Sugaring, Fachfu\u00dfpflege u. Fu\u00dfzonenmassage, Manik\u00fcre & Nails, Kopf- u. Nackenmassage\",\"breadcrumb\":{\"@id\":\"https:\/\/cts-beauty-fachfusspflege.de\/index.php\/leistungen\/#breadcrumb\"},\"inLanguage\":\"de\",\"potentialAction\":[{\"@type\":\"ReadAction\",\"target\":[\"https:\/\/cts-beauty-fachfusspflege.de\/index.php\/leistungen\/\"]}]},{\"@type\":\"BreadcrumbList\",\"@id\":\"https:\/\/cts-beauty-fachfusspflege.de\/index.php\/leistungen\/#breadcrumb\",\"itemListElement\":[{\"@type\":\"ListItem\",\"position\":1,\"name\":\"Startseite\",\"item\":\"https:\/\/cts-beauty-fachfusspflege.de\/\"},{\"@type\":\"ListItem\",\"position\":2,\"name\":\"Leistungen\"}]},{\"@type\":\"WebSite\",\"@id\":\"https:\/\/cts-beauty-fachfusspflege.de\/#website\",\"url\":\"https:\/\/cts-beauty-fachfusspflege.de\/\",\"name\":\"Beauty-Ecke und Fachfu\u00dfpflege\",\"description\":\"CTS Beauty-Ecke und Fachfu\u00dfpflege\",\"publisher\":{\"@id\":\"https:\/\/cts-beauty-fachfusspflege.de\/#organization\"},\"potentialAction\":[{\"@type\":\"SearchAction\",\"target\":{\"@type\":\"EntryPoint\",\"urlTemplate\":\"https:\/\/cts-beauty-fachfusspflege.de\/?s={search_term_string}\"},\"query-input\":{\"@type\":\"PropertyValueSpecification\",\"valueRequired\":true,\"valueName\":\"search_term_string\"}}],\"inLanguage\":\"de\"},{\"@type\":\"Organization\",\"@id\":\"https:\/\/cts-beauty-fachfusspflege.de\/#organization\",\"name\":\"Beauty-Ecke und Fachfu\u00dfpflege\",\"url\":\"https:\/\/cts-beauty-fachfusspflege.de\/\",\"logo\":{\"@type\":\"ImageObject\",\"inLanguage\":\"de\",\"@id\":\"https:\/\/cts-beauty-fachfusspflege.de\/#\/schema\/logo\/image\/\",\"url\":\"https:\/\/cts-beauty-fachfusspflege.de\/wp-content\/uploads\/2024\/05\/cts-2.png\",\"contentUrl\":\"https:\/\/cts-beauty-fachfusspflege.de\/wp-content\/uploads\/2024\/05\/cts-2.png\",\"width\":500,\"height\":250,\"caption\":\"Beauty-Ecke und Fachfu\u00dfpflege\"},\"image\":{\"@id\":\"https:\/\/cts-beauty-fachfusspflege.de\/#\/schema\/logo\/image\/\"}}]}<\/script>\n<!-- \/ Yoast SEO plugin. -->","yoast_head_json":{"title":"Leistungen - CTS Beauty-Ecke und Fachfu\u00dfpflege","description":"Kosmetik, Wimpernverl\u00e4ngerung, K\u00f6rperwickel, Sugaring, Fachfu\u00dfpflege u. Fu\u00dfzonenmassage, Manik\u00fcre & Nails, Kopf- u. Nackenmassage","robots":{"index":"index","follow":"follow","max-snippet":"max-snippet:-1","max-image-preview":"max-image-preview:large","max-video-preview":"max-video-preview:-1"},"canonical":"https:\/\/cts-beauty-fachfusspflege.de\/index.php\/leistungen\/","og_locale":"de_DE","og_type":"article","og_title":"Leistungen - CTS Beauty-Ecke und Fachfu\u00dfpflege","og_description":"Kosmetik, Wimpernverl\u00e4ngerung, K\u00f6rperwickel, Sugaring, Fachfu\u00dfpflege u. Fu\u00dfzonenmassage, Manik\u00fcre & Nails, Kopf- u. Nackenmassage","og_url":"https:\/\/cts-beauty-fachfusspflege.de\/index.php\/leistungen\/","og_site_name":"CTS Beauty-Ecke und Fachfu\u00dfpflege","article_modified_time":"2024-08-23T08:15:41+00:00","twitter_card":"summary_large_image","schema":{"@context":"https:\/\/schema.org","@graph":[{"@type":"WebPage","@id":"https:\/\/cts-beauty-fachfusspflege.de\/index.php\/leistungen\/","url":"https:\/\/cts-beauty-fachfusspflege.de\/index.php\/leistungen\/","name":"Leistungen - CTS Beauty-Ecke und Fachfu\u00dfpflege","isPartOf":{"@id":"https:\/\/cts-beauty-fachfusspflege.de\/#website"},"datePublished":"2024-04-23T21:29:05+00:00","dateModified":"2024-08-23T08:15:41+00:00","description":"Kosmetik, Wimpernverl\u00e4ngerung, K\u00f6rperwickel, Sugaring, Fachfu\u00dfpflege u. Fu\u00dfzonenmassage, Manik\u00fcre & Nails, Kopf- u. Nackenmassage","breadcrumb":{"@id":"https:\/\/cts-beauty-fachfusspflege.de\/index.php\/leistungen\/#breadcrumb"},"inLanguage":"de","potentialAction":[{"@type":"ReadAction","target":["https:\/\/cts-beauty-fachfusspflege.de\/index.php\/leistungen\/"]}]},{"@type":"BreadcrumbList","@id":"https:\/\/cts-beauty-fachfusspflege.de\/index.php\/leistungen\/#breadcrumb","itemListElement":[{"@type":"ListItem","position":1,"name":"Startseite","item":"https:\/\/cts-beauty-fachfusspflege.de\/"},{"@type":"ListItem","position":2,"name":"Leistungen"}]},{"@type":"WebSite","@id":"https:\/\/cts-beauty-fachfusspflege.de\/#website","url":"https:\/\/cts-beauty-fachfusspflege.de\/","name":"Beauty-Ecke und Fachfu\u00dfpflege","description":"CTS Beauty-Ecke und Fachfu\u00dfpflege","publisher":{"@id":"https:\/\/cts-beauty-fachfusspflege.de\/#organization"},"potentialAction":[{"@type":"SearchAction","target":{"@type":"EntryPoint","urlTemplate":"https:\/\/cts-beauty-fachfusspflege.de\/?s={search_term_string}"},"query-input":{"@type":"PropertyValueSpecification","valueRequired":true,"valueName":"search_term_string"}}],"inLanguage":"de"},{"@type":"Organization","@id":"https:\/\/cts-beauty-fachfusspflege.de\/#organization","name":"Beauty-Ecke und Fachfu\u00dfpflege","url":"https:\/\/cts-beauty-fachfusspflege.de\/","logo":{"@type":"ImageObject","inLanguage":"de","@id":"https:\/\/cts-beauty-fachfusspflege.de\/#\/schema\/logo\/image\/","url":"https:\/\/cts-beauty-fachfusspflege.de\/wp-content\/uploads\/2024\/05\/cts-2.png","contentUrl":"https:\/\/cts-beauty-fachfusspflege.de\/wp-content\/uploads\/2024\/05\/cts-2.png","width":500,"height":250,"caption":"Beauty-Ecke und Fachfu\u00dfpflege"},"image":{"@id":"https:\/\/cts-beauty-fachfusspflege.de\/#\/schema\/logo\/image\/"}}]}},"jetpack_sharing_enabled":true,"_links":{"self":[{"href":"https:\/\/cts-beauty-fachfusspflege.de\/index.php\/wp-json\/wp\/v2\/pages\/61","targetHints":{"allow":["GET"]}}],"collection":[{"href":"https:\/\/cts-beauty-fachfusspflege.de\/index.php\/wp-json\/wp\/v2\/pages"}],"about":[{"href":"https:\/\/cts-beauty-fachfusspflege.de\/index.php\/wp-json\/wp\/v2\/types\/page"}],"author":[{"embeddable":true,"href":"https:\/\/cts-beauty-fachfusspflege.de\/index.php\/wp-json\/wp\/v2\/users\/1"}],"replies":[{"embeddable":true,"href":"https:\/\/cts-beauty-fachfusspflege.de\/index.php\/wp-json\/wp\/v2\/comments?post=61"}],"version-history":[{"count":1,"href":"https:\/\/cts-beauty-fachfusspflege.de\/index.php\/wp-json\/wp\/v2\/pages\/61\/revisions"}],"predecessor-version":[{"id":62,"href":"https:\/\/cts-beauty-fachfusspflege.de\/index.php\/wp-json\/wp\/v2\/pages\/61\/revisions\/62"}],"wp:attachment":[{"href":"https:\/\/cts-beauty-fachfusspflege.de\/index.php\/wp-json\/wp\/v2\/media?parent=61"}],"curies":[{"name":"wp","href":"https:\/\/api.w.org\/{rel}","templated":true}]}}